{"id":4954,"date":"2020-12-15T17:09:09","date_gmt":"2020-12-15T15:09:09","guid":{"rendered":"http:\/\/mel.cat\/?page_id=4954"},"modified":"2021-01-26T17:15:38","modified_gmt":"2021-01-26T15:15:38","slug":"cnv","status":"publish","type":"page","link":"https:\/\/mel.cat\/cast\/cnv\/","title":{"rendered":"CNV"},"content":{"rendered":"<div data-vc-full-width=\"true\" data-vc-full-width-init=\"false\" data-vc-stretch-content=\"true\" class=\"vc_row wpb_row vc_row-fluid vc_custom_1605882481459\" ><div class=\"wpb_column vc_column_container vc_col-sm-12\"><div class=\"vc_column-inner\"><div class=\"wpb_wrapper\">\n\t<div class=\"wpb_text_column wpb_content_element\" >\n\t\t<div class=\"wpb_wrapper\">\n\t\t\t<h2 style=\"text-align: center;\"><span style=\"color: #ee647e;\">Comunicaci\u00f3n NoViolenta (CNV),<\/span><br \/>\n<span style=\"color: #ee647e;\">una comunicaci\u00f3n consciente<\/span><br \/>\n<span style=\"color: #ee647e;\">y desde el Coraz\u00f3n<\/span><\/h2>\n\n\t\t<\/div>\n\t<\/div>\n<\/div><\/div><\/div><\/div><div class=\"vc_row-full-width vc_clearfix\"><\/div><div class=\"vc_row wpb_row vc_row-fluid\" ><div class=\"wpb_column vc_column_container vc_col-sm-12\"><div class=\"vc_column-inner\"><div class=\"wpb_wrapper\">\n\t<div  class=\"wpb_single_image wpb_content_element vc_align_center  wpb_animate_when_almost_visible wpb_fadeIn fadeIn\">\n\t\t\n\t\t<figure class=\"wpb_wrapper vc_figure\">\n\t\t\t<div class=\"vc_single_image-wrapper   vc_box_border_grey\"><img loading=\"lazy\" decoding=\"async\" width=\"300\" height=\"198\" src=\"https:\/\/mel.cat\/wp-content\/uploads\/2021\/01\/cnv_cors-300x198.jpg\" class=\"vc_single_image-img attachment-medium\" alt=\"\" srcset=\"https:\/\/mel.cat\/wp-content\/uploads\/2021\/01\/cnv_cors-300x198.jpg 300w, https:\/\/mel.cat\/wp-content\/uploads\/2021\/01\/cnv_cors.jpg 500w\" sizes=\"auto, (max-width: 300px) 100vw, 300px\" \/><\/div>\n\t\t<\/figure>\n\t<\/div>\n\n\t<div class=\"wpb_text_column wpb_content_element\" >\n\t\t<div class=\"wpb_wrapper\">\n\t\t\t<p><span style=\"color: #ee647e;\"><em><strong>En la calidad de las relaciones encontramos el origen de la felicidad o el sufrimiento de las personas.<\/strong><\/em><\/span><\/p>\n<p><span style=\"color: #ee647e;\"><em><strong>\u00bfEn qu\u00e9 medida mi felicidad depende de la calidad de mis relaciones?<\/strong><\/em><\/span><\/p>\n<p><span style=\"color: #ee647e;\"><em><strong>\u00bfEn qu\u00e9 medida la calidad de las relaciones depende de la calidad de la comunicaci\u00f3n?<\/strong><\/em><\/span><\/p>\n\n\t\t<\/div>\n\t<\/div>\n<div class=\"vc_empty_space\"   style=\"height: 60px\" ><span class=\"vc_empty_space_inner\"><\/span><\/div>\n<\/div><\/div><\/div><\/div><div class=\"vc_row wpb_row vc_row-fluid\" ><div class=\"wpb_column vc_column_container vc_col-sm-12\"><div class=\"vc_column-inner\"><div class=\"wpb_wrapper\">\n\t<div class=\"wpb_text_column wpb_content_element\" >\n\t\t<div class=\"wpb_wrapper\">\n\t\t\t<p class=\"p1\">La <span style=\"color: #ee647e;\"><strong>Comunicaci\u00f3n NoViolenta<\/strong><\/span> es una metodolog\u00eda creada por <strong>Marshall B. Rosenberg<\/strong> (1934-2015), psic\u00f3logo, educador y mediador de conflictos internacionales. Propone un modelo relacional que ayuda a las personas a conectar entre ellas y permite que se valoren por igual las necesidades de todas las partes.<br \/>\nLa <strong>CNV<\/strong> pone el foco en <strong>cuidar la relaci\u00f3n y la conexi\u00f3n<\/strong> entre personas.<br \/>\nEl proceso atiende lo que est\u00e1 vivo en nuestro interior e intensifica nuestra comprensi\u00f3n y consciencia sobre lo que implica <strong>expresar y escuchar<\/strong> desde el coraz\u00f3n, de manera natural.<\/p>\n\n\t\t<\/div>\n\t<\/div>\n<\/div><\/div><\/div><\/div><div data-vc-full-width=\"true\" data-vc-full-width-init=\"false\" data-vc-stretch-content=\"true\" class=\"vc_row wpb_row vc_row-fluid vc_custom_1608044498473\" ><div class=\"wpb_column vc_column_container vc_col-sm-12\"><div class=\"vc_column-inner\"><div class=\"wpb_wrapper\">\n\t<div class=\"wpb_text_column wpb_content_element\" >\n\t\t<div class=\"wpb_wrapper\">\n\t\t\t<h2 style=\"text-align: center;\"><span style=\"color: #ee647e;\">Taller \u201cLa Voluntad de Escuchar\u201d<\/span><\/h2>\n\n\t\t<\/div>\n\t<\/div>\n<\/div><\/div><\/div><\/div><div class=\"vc_row-full-width vc_clearfix\"><\/div><div class=\"vc_row wpb_row vc_row-fluid\" ><div class=\"wpb_column vc_column_container vc_col-sm-12\"><div class=\"vc_column-inner\"><div class=\"wpb_wrapper\">\n\t<div class=\"wpb_text_column wpb_content_element\" >\n\t\t<div class=\"wpb_wrapper\">\n\t\t\t<p class=\"p1\">Creado y facilitado por Judit Commeleran, \u201cLa Voluntad de Escuchar\u201d es un taller basado en el aprendizaje y la pr\u00e1ctica de la <strong>Comunicaci\u00f3n NoViolenta<\/strong>.<\/p>\n\n\t\t<\/div>\n\t<\/div>\n<div class=\"vc_empty_space\"   style=\"height: 20px\" ><span class=\"vc_empty_space_inner\"><\/span><\/div>\n<\/div><\/div><\/div><\/div><div class=\"vc_row wpb_row vc_row-fluid\" ><div class=\"wpb_column vc_column_container vc_col-sm-12\"><div class=\"vc_column-inner\"><div class=\"wpb_wrapper\">\n\t<div class=\"wpb_text_column wpb_content_element\" >\n\t\t<div class=\"wpb_wrapper\">\n\t\t\t<p class=\"p1\">Utilizamos herramientas que facilitan la resoluci\u00f3n de situaciones complejas entre personas.<br \/>\nUn proceso facilitador de la transformaci\u00f3n de conflictos y del crecimiento personal en los diferentes \u00e1mbitos relacionales: individual, en pareja, familiar, profesional y social.<\/p>\n\n\t\t<\/div>\n\t<\/div>\n<div class=\"vc_empty_space\"   style=\"height: 20px\" ><span class=\"vc_empty_space_inner\"><\/span><\/div>\n<\/div><\/div><\/div><\/div><div class=\"vc_row wpb_row vc_row-fluid\" ><div class=\"wpb_column vc_column_container vc_col-sm-12\"><div class=\"vc_column-inner\"><div class=\"wpb_wrapper\">\n\t<div class=\"wpb_text_column wpb_content_element\" >\n\t\t<div class=\"wpb_wrapper\">\n\t\t\t<p class=\"p1\">Nos permitir\u00e1 aprender un nuevo lenguaje para comunicarnos a partir de un di\u00e1logo sincero y respetuoso, que evita las heridas y los malentendidos. Sobretodo tambi\u00e9n en condiciones dif\u00edciles de estr\u00e9s y de conflicto nos ayuda a cultivar la escucha emp\u00e1tica y la expresi\u00f3n honesta y as\u00ed liberarnos de antiguos patrones.<\/p>\n\n\t\t<\/div>\n\t<\/div>\n<div class=\"vc_empty_space\"   style=\"height: 20px\" ><span class=\"vc_empty_space_inner\"><\/span><\/div>\n<\/div><\/div><\/div><\/div><div class=\"vc_row wpb_row vc_row-fluid\" ><div class=\"wpb_column vc_column_container vc_col-sm-12\"><div class=\"vc_column-inner\"><div class=\"wpb_wrapper\">\n\t<div class=\"wpb_text_column wpb_content_element\" >\n\t\t<div class=\"wpb_wrapper\">\n\t\t\t<p class=\"p1\">Un proceso que iniciamos <strong>identificando las violencias invisibles, inconscientes y normalizadas que se ocultan en nuestro lenguaje com\u00fan y que obstaculizan la comunicaci\u00f3n y la conexi\u00f3n entre personas. <\/strong><\/p>\n\n\t\t<\/div>\n\t<\/div>\n<div class=\"vc_empty_space\"   style=\"height: 20px\" ><span class=\"vc_empty_space_inner\"><\/span><\/div>\n<\/div><\/div><\/div><\/div><div class=\"vc_row wpb_row vc_row-fluid\" ><div class=\"wpb_column vc_column_container vc_col-sm-12\"><div class=\"vc_column-inner\"><div class=\"wpb_wrapper\">\n\t<div class=\"wpb_text_column wpb_content_element\" >\n\t\t<div class=\"wpb_wrapper\">\n\t\t\t<p class=\"p1\">Desplegaremos y practicaremos los 4 pasos que propone la CNV:<br \/>\n<strong>Observaci\u00f3n \u2013 Sentimientos  - Necesidades \u2013 Petici\u00f3n<\/strong><\/p>\n\n\t\t<\/div>\n\t<\/div>\n<div class=\"vc_empty_space\"   style=\"height: 20px\" ><span class=\"vc_empty_space_inner\"><\/span><\/div>\n<\/div><\/div><\/div><\/div><div class=\"vc_row wpb_row vc_row-fluid\" ><div class=\"wpb_column vc_column_container vc_col-sm-12\"><div class=\"vc_column-inner\"><div class=\"wpb_wrapper\"><div class=\"vc_empty_space\"   style=\"height: 20px\" ><span class=\"vc_empty_space_inner\"><\/span><\/div>\n\n\t<div class=\"wpb_text_column wpb_content_element\" >\n\t\t<div class=\"wpb_wrapper\">\n\t\t\t<p class=\"p1\"><span style=\"color: #ee647e;\"><strong><em>Un proceso de introspecci\u00f3n y autoconocimiento donde encontramos las herramientas para la apertura, <\/em><\/strong><strong><em>la escucha profunda y el respeto hacia lo m\u00e1s \u00edntimo del ser.<\/em><\/strong><\/span><\/p>\n\n\t\t<\/div>\n\t<\/div>\n<div class=\"vc_empty_space\"   style=\"height: 20px\" ><span class=\"vc_empty_space_inner\"><\/span><\/div>\n<\/div><\/div><\/div><\/div><div data-vc-full-width=\"true\" data-vc-full-width-init=\"false\" data-vc-stretch-content=\"true\" class=\"vc_row wpb_row vc_row-fluid wpb_animate_when_almost_visible wpb_fadeIn fadeIn\" ><div class=\"wpb_column vc_column_container vc_col-sm-6\"><div class=\"vc_column-inner\"><div class=\"wpb_wrapper\"><div class=\"eltdf-single-image-holder\">\n    <div class=\"eltdf-si-inner\" >\n                                    <img loading=\"lazy\" decoding=\"async\" width=\"300\" height=\"280\" src=\"https:\/\/mel.cat\/wp-content\/uploads\/2020\/12\/girafa_transparencia-300x280.jpg\" class=\"attachment-medium size-medium\" alt=\"\" srcset=\"https:\/\/mel.cat\/wp-content\/uploads\/2020\/12\/girafa_transparencia-300x280.jpg 300w, https:\/\/mel.cat\/wp-content\/uploads\/2020\/12\/girafa_transparencia-1024x954.jpg 1024w, https:\/\/mel.cat\/wp-content\/uploads\/2020\/12\/girafa_transparencia-768x716.jpg 768w, https:\/\/mel.cat\/wp-content\/uploads\/2020\/12\/girafa_transparencia-600x559.jpg 600w, https:\/\/mel.cat\/wp-content\/uploads\/2020\/12\/girafa_transparencia.jpg 1325w\" sizes=\"auto, (max-width: 300px) 100vw, 300px\" \/>                        <\/div>\n<\/div><\/div><\/div><\/div><div class=\"wpb_column vc_column_container vc_col-sm-6\"><div class=\"vc_column-inner\"><div class=\"wpb_wrapper\"><\/div><\/div><\/div><\/div><div class=\"vc_row-full-width vc_clearfix\"><\/div><div data-vc-full-width=\"true\" data-vc-full-width-init=\"false\" data-vc-stretch-content=\"true\" class=\"vc_row wpb_row vc_row-fluid vc_custom_1610959874337 vc_row-no-padding\" ><div class=\"wpb_column vc_column_container vc_col-sm-12\"><div class=\"vc_column-inner\"><div class=\"wpb_wrapper\"><div class=\"eltdf-image-gallery eltdf-grid-list eltdf-grid-masonry-list eltdf-disable-bottom-space  eltdf-ig-masonry-type eltdf-two-columns eltdf-small-space\">\n\t<div class=\"eltdf-ig-inner eltdf-outer-space eltdf-masonry-list-wrapper\">\n\t\t<div class=\"eltdf-masonry-grid-sizer\"><\/div>\n\t\t<div class=\"eltdf-masonry-grid-gutter\"><\/div>\n\t\t\t\t\t\t\t\t<div class=\"eltdf-ig-image eltdf-item-space\">\n\t\t\t\t<div class=\"eltdf-ig-image-inner\">\n\t\t\t\t\t\t\t\t\t\t\t<img loading=\"lazy\" decoding=\"async\" width=\"1000\" height=\"563\" src=\"https:\/\/mel.cat\/wp-content\/uploads\/2020\/12\/cnv_joves.jpg\" class=\"attachment-full size-full\" alt=\"\" srcset=\"https:\/\/mel.cat\/wp-content\/uploads\/2020\/12\/cnv_joves.jpg 1000w, https:\/\/mel.cat\/wp-content\/uploads\/2020\/12\/cnv_joves-300x169.jpg 300w, https:\/\/mel.cat\/wp-content\/uploads\/2020\/12\/cnv_joves-768x432.jpg 768w, https:\/\/mel.cat\/wp-content\/uploads\/2020\/12\/cnv_joves-600x338.jpg 600w\" sizes=\"auto, (max-width: 1000px) 100vw, 1000px\" \/>\t\t\t\t\t\t\t\t\t<\/div>\n\t\t\t<\/div>\n\t\t\t\t\t\t\t\t<div class=\"eltdf-ig-image eltdf-item-space\">\n\t\t\t\t<div class=\"eltdf-ig-image-inner\">\n\t\t\t\t\t\t\t\t\t\t\t<img loading=\"lazy\" decoding=\"async\" width=\"1000\" height=\"563\" src=\"https:\/\/mel.cat\/wp-content\/uploads\/2020\/12\/cnv_adults.jpg\" class=\"attachment-full size-full\" alt=\"\" srcset=\"https:\/\/mel.cat\/wp-content\/uploads\/2020\/12\/cnv_adults.jpg 1000w, https:\/\/mel.cat\/wp-content\/uploads\/2020\/12\/cnv_adults-300x169.jpg 300w, https:\/\/mel.cat\/wp-content\/uploads\/2020\/12\/cnv_adults-768x432.jpg 768w, https:\/\/mel.cat\/wp-content\/uploads\/2020\/12\/cnv_adults-600x338.jpg 600w\" sizes=\"auto, (max-width: 1000px) 100vw, 1000px\" \/>\t\t\t\t\t\t\t\t\t<\/div>\n\t\t\t<\/div>\n\t\t\t<\/div>\n<\/div><\/div><\/div><\/div><\/div><div class=\"vc_row-full-width vc_clearfix\"><\/div><div data-vc-full-width=\"true\" data-vc-full-width-init=\"false\" data-vc-stretch-content=\"true\" class=\"vc_row wpb_row vc_row-fluid vc_custom_1610959861420 vc_row-no-padding\" ><div class=\"wpb_column vc_column_container vc_col-sm-12\"><div class=\"vc_column-inner\"><div class=\"wpb_wrapper\"><div class=\"eltdf-single-image-holder\">\n    <div class=\"eltdf-si-inner\" >\n                                    <img loading=\"lazy\" decoding=\"async\" width=\"1920\" height=\"689\" src=\"https:\/\/mel.cat\/wp-content\/uploads\/2021\/01\/CNV_horitzontal.jpg\" class=\"attachment-full size-full\" alt=\"\" srcset=\"https:\/\/mel.cat\/wp-content\/uploads\/2021\/01\/CNV_horitzontal.jpg 1920w, https:\/\/mel.cat\/wp-content\/uploads\/2021\/01\/CNV_horitzontal-300x108.jpg 300w, https:\/\/mel.cat\/wp-content\/uploads\/2021\/01\/CNV_horitzontal-1024x367.jpg 1024w, https:\/\/mel.cat\/wp-content\/uploads\/2021\/01\/CNV_horitzontal-768x276.jpg 768w, https:\/\/mel.cat\/wp-content\/uploads\/2021\/01\/CNV_horitzontal-1536x551.jpg 1536w, https:\/\/mel.cat\/wp-content\/uploads\/2021\/01\/CNV_horitzontal-16x6.jpg 16w\" sizes=\"auto, (max-width: 1920px) 100vw, 1920px\" \/>                        <\/div>\n<\/div><\/div><\/div><\/div><\/div><div class=\"vc_row-full-width vc_clearfix\"><\/div><div class=\"vc_row wpb_row vc_row-fluid\" ><div class=\"wpb_column vc_column_container vc_col-sm-12\"><div class=\"vc_column-inner\"><div class=\"wpb_wrapper\">\n\t<div class=\"wpb_text_column wpb_content_element\" >\n\t\t<div class=\"wpb_wrapper\">\n\t\t\t<p class=\"p1\">Esta experiencia nos permite compartir y poner en com\u00fan, abrir o cambiar de \u00e1ngulo de mirada. Flexibilizar estructuras, restaurar, resolver, consensuar, celebrar\u2026 facilitando a grupos de personas una relaci\u00f3n expansiva, creativa, de cooperaci\u00f3n, de cohesi\u00f3n y uni\u00f3n.<br \/>\nUna pr\u00e1ctica eficaz para desarrollar la claridad y la compasi\u00f3n genuina.<\/p>\n\n\t\t<\/div>\n\t<\/div>\n<div class=\"vc_empty_space\"   style=\"height: 20px\" ><span class=\"vc_empty_space_inner\"><\/span><\/div>\n<\/div><\/div><\/div><\/div><div class=\"vc_row wpb_row vc_row-fluid\" ><div class=\"wpb_column vc_column_container vc_col-sm-12\"><div class=\"vc_column-inner\"><div class=\"wpb_wrapper\">\n\t<div class=\"wpb_text_column wpb_content_element\" >\n\t\t<div class=\"wpb_wrapper\">\n\t\t\t<p class=\"p1\">Para facilitar la integraci\u00f3n de la CNV, completaremos el taller incorporando la pr\u00e1ctica b\u00e1sica de <strong>Chi Kung<\/strong>. Para entrenar la capacidad de \"<strong>parar<\/strong>\u201d y cultivar un estado de presencia, con atenci\u00f3n llena y respiraci\u00f3n consciente, entrando en el espacio de silencio y quietud, la pr\u00e1ctica de la <strong>PAUSA<\/strong>.<\/p>\n\n\t\t<\/div>\n\t<\/div>\n<div class=\"vc_empty_space\"   style=\"height: 20px\" ><span class=\"vc_empty_space_inner\"><\/span><\/div>\n<\/div><\/div><\/div><\/div><div class=\"vc_row wpb_row vc_row-fluid\" ><div class=\"wpb_column vc_column_container vc_col-sm-12\"><div class=\"vc_column-inner\"><div class=\"wpb_wrapper\"><div class=\"vc_empty_space\"   style=\"height: 20px\" ><span class=\"vc_empty_space_inner\"><\/span><\/div>\n\n\t<div class=\"wpb_text_column wpb_content_element\" >\n\t\t<div class=\"wpb_wrapper\">\n\t\t\t<p class=\"p1\"><span style=\"color: #ee647e;\"><em><strong>Detenerme para darme cuenta de la intenci\u00f3n <\/strong><\/em><\/span><span style=\"color: #ee647e;\"><em><strong>y del efecto y el impacto que mis palabras <\/strong><\/em><em><strong>generan en mi y en la otra persona.<\/strong><\/em><\/span><\/p>\n<p><span style=\"color: #ee647e;\"><em><strong>Es una intenci\u00f3n que une o divide?, que acerca o aleja?, <\/strong><\/em><\/span><span style=\"color: #ee647e;\"><em><strong>que hiere o que cuida la relaci\u00f3n?<\/strong><\/em><\/span><\/p>\n\n\t\t<\/div>\n\t<\/div>\n<div class=\"vc_empty_space\"   style=\"height: 40px\" ><span class=\"vc_empty_space_inner\"><\/span><\/div>\n<\/div><\/div><\/div><\/div><div class=\"vc_row wpb_row vc_row-fluid\" ><div class=\"wpb_column vc_column_container vc_col-sm-12\"><div class=\"vc_column-inner\"><div class=\"wpb_wrapper\">\n\t<div class=\"wpb_text_column wpb_content_element\" >\n\t\t<div class=\"wpb_wrapper\">\n\t\t\t<p class=\"p1\">Para poder ir hacia dentro, conectando con un@ mism@, escucharnos, darnos cuenta y comprender como est\u00e1 relacionado el cuerpo f\u00edsico con el cuerpo emocional y como viene condicionado por los pensamientos y las ideas que tenemos y las relaciones y las circunstancias que nos rodean.<\/p>\n\n\t\t<\/div>\n\t<\/div>\n<div class=\"vc_empty_space\"   style=\"height: 20px\" ><span class=\"vc_empty_space_inner\"><\/span><\/div>\n<\/div><\/div><\/div><\/div><div class=\"vc_row wpb_row vc_row-fluid\" ><div class=\"wpb_column vc_column_container vc_col-sm-12\"><div class=\"vc_column-inner\"><div class=\"wpb_wrapper\">\n\t<div class=\"wpb_text_column wpb_content_element\" >\n\t\t<div class=\"wpb_wrapper\">\n\t\t\t<p class=\"p1\">para establecer la conexi\u00f3n necesaria que har\u00e1 posible una relaci\u00f3n con una comunicaci\u00f3n que nace del cuerpo compasivo, con empat\u00eda, respeto y confianza.<\/p>\n\n\t\t<\/div>\n\t<\/div>\n<div class=\"vc_empty_space\"   style=\"height: 20px\" ><span class=\"vc_empty_space_inner\"><\/span><\/div>\n<\/div><\/div><\/div><\/div><div data-vc-full-width=\"true\" data-vc-full-width-init=\"false\" data-vc-stretch-content=\"true\" class=\"vc_row wpb_row vc_row-fluid wpb_animate_when_almost_visible wpb_fadeIn fadeIn vc_custom_1608044821167 vc_row-has-fill\" ><div class=\"wpb_column vc_column_container vc_col-sm-12\"><div class=\"vc_column-inner\"><div class=\"wpb_wrapper\"><div class=\"eltdf-call-to-action-holder  eltdf-normal-layout eltdf-content-in-grid eltdf-three-quarters-columns\">\n\t<div class=\"eltdf-cta-inner eltdf-grid\">\n\t\t<div class=\"eltdf-cta-text-holder\">\n\t\t\t<div class=\"eltdf-cta-text\">\n<h5><strong>Acompa\u00f1amiento personalizado individual.<\/strong><\/h5>\n<h5><strong>Formaci\u00f3n y programas adaptados para grupos, empresas y organizaciones.<\/strong><\/h5>\n<\/div>\n\t\t<\/div>\n\t\t<div class=\"eltdf-cta-button-holder\" >\n\t\t\t<div class=\"eltdf-cta-button\"><a itemprop=\"url\" href=\"http:\/\/mel.cat\/cast\/contacte\/\" target=\"_self\" style=\"background-color: #ee647e\" class=\"eltdf-btn eltdf-btn-medium eltdf-btn-solid eltdf-btn-custom-hover-bg eltdf-btn-custom-border-hover\" data-hover-bg-color=\"#ff5481\" data-hover-border-color=\"#ff5481\" >    <span class=\"eltdf-btn-text\">CONTACTO<\/span>        <\/a><\/div>\n\t\t<\/div>\n\t<\/div>\n<\/div><\/div><\/div><\/div><\/div><div class=\"vc_row-full-width vc_clearfix\"><\/div>","protected":false},"excerpt":{"rendered":"Comunicaci\u00f3 NoViolenta (CNV), una comunicaci\u00f3 conscient i des del Cor En la qualitat de les relacions trobem l\u2019origen de la felicitat o del patiment de les persones. En quina mesura la meva felicitat dep\u00e8n de la qualitat de les meves relacions? En quina mesura la [...]","protected":false},"author":1,"featured_media":0,"parent":0,"menu_order":0,"comment_status":"closed","ping_status":"closed","template":"","meta":{"footnotes":""},"class_list":["post-4954","page","type-page","status-publish","hentry"],"_links":{"self":[{"href":"https:\/\/mel.cat\/cast\/wp-json\/wp\/v2\/pages\/4954","targetHints":{"allow":["GET"]}}],"collection":[{"href":"https:\/\/mel.cat\/cast\/wp-json\/wp\/v2\/pages"}],"about":[{"href":"https:\/\/mel.cat\/cast\/wp-json\/wp\/v2\/types\/page"}],"author":[{"embeddable":true,"href":"https:\/\/mel.cat\/cast\/wp-json\/wp\/v2\/users\/1"}],"replies":[{"embeddable":true,"href":"https:\/\/mel.cat\/cast\/wp-json\/wp\/v2\/comments?post=4954"}],"version-history":[{"count":32,"href":"https:\/\/mel.cat\/cast\/wp-json\/wp\/v2\/pages\/4954\/revisions"}],"predecessor-version":[{"id":5183,"href":"https:\/\/mel.cat\/cast\/wp-json\/wp\/v2\/pages\/4954\/revisions\/5183"}],"wp:attachment":[{"href":"https:\/\/mel.cat\/cast\/wp-json\/wp\/v2\/media?parent=4954"}],"curies":[{"name":"wp","href":"https:\/\/api.w.org\/{rel}","templated":true}]}}