{"id":4932,"date":"2020-12-14T13:29:10","date_gmt":"2020-12-14T11:29:10","guid":{"rendered":"http:\/\/mel.cat\/?page_id=4932"},"modified":"2022-01-12T18:00:36","modified_gmt":"2022-01-12T16:00:36","slug":"converses-i-acompanyament","status":"publish","type":"page","link":"https:\/\/mel.cat\/cast\/converses-i-acompanyament\/","title":{"rendered":"Conversaciones y acompa\u00f1amiento"},"content":{"rendered":"<div class=\"vc_row wpb_row vc_row-fluid\" ><div class=\"wpb_column vc_column_container vc_col-sm-12\"><div class=\"vc_column-inner\"><div class=\"wpb_wrapper\">\n\t<div class=\"wpb_text_column wpb_content_element\" >\n\t\t<div class=\"wpb_wrapper\">\n\t\t\t<h3 style=\"text-align: left;\"><span style=\"color: #f1795f;\">Conversaciones y acompa\u00f1amiento<\/span><\/h3>\n\n\t\t<\/div>\n\t<\/div>\n<div class=\"vc_empty_space\"   style=\"height: 40px\" ><span class=\"vc_empty_space_inner\"><\/span><\/div>\n<\/div><\/div><\/div><\/div><div class=\"vc_row wpb_row vc_row-fluid\" ><div class=\"wpb_column vc_column_container vc_col-sm-12\"><div class=\"vc_column-inner\"><div class=\"wpb_wrapper\">\n\t<div class=\"wpb_text_column wpb_content_element\" >\n\t\t<div class=\"wpb_wrapper\">\n\t\t\t<p>Me gusta conversar (del lat\u00edn conversari: 'vivir en compa\u00f1\u00eda, tratar con alguien') y facilitar relaciones hasta ahora percibidas como imposibles o como\u00a0carentes de valor.<\/p>\n\n\t\t<\/div>\n\t<\/div>\n<div class=\"vc_empty_space\"   style=\"height: 20px\" ><span class=\"vc_empty_space_inner\"><\/span><\/div>\n<\/div><\/div><\/div><\/div><div class=\"vc_row wpb_row vc_row-fluid vc_custom_1607081500959\" ><div class=\"wpb_column vc_column_container vc_col-sm-12\"><div class=\"vc_column-inner\"><div class=\"wpb_wrapper\">\n\t<div class=\"wpb_text_column wpb_content_element\" >\n\t\t<div class=\"wpb_wrapper\">\n\t\t\t<p>Escucho y hago de \u201ccaja de resonancia\u201d: devuelvo y ampl\u00edo lo escuchado, a\u00f1ado mi feedback, cambio preguntas, y cuando surge, comparto mi creatividad. De todo ello, a veces, nacen conversaciones transformadoras.<\/p>\n\n\t\t<\/div>\n\t<\/div>\n<div class=\"vc_empty_space\"   style=\"height: 20px\" ><span class=\"vc_empty_space_inner\"><\/span><\/div>\n<\/div><\/div><\/div><\/div><div class=\"vc_row wpb_row vc_row-fluid\" ><div class=\"wpb_column vc_column_container vc_col-sm-12\"><div class=\"vc_column-inner\"><div class=\"wpb_wrapper\">\n\t<div class=\"wpb_text_column wpb_content_element\" >\n\t\t<div class=\"wpb_wrapper\">\n\t\t\t<h3 style=\"text-align: left;\"><span style=\"color: #f1795f;\">Asesoramiento a entidades musicales<\/span><\/h3>\n\n\t\t<\/div>\n\t<\/div>\n<div class=\"vc_empty_space\"   style=\"height: 40px\" ><span class=\"vc_empty_space_inner\"><\/span><\/div>\n<\/div><\/div><\/div><\/div><div class=\"vc_row wpb_row vc_row-fluid\" ><div class=\"wpb_column vc_column_container vc_col-sm-12\"><div class=\"vc_column-inner\"><div class=\"wpb_wrapper\">\n\t<div class=\"wpb_text_column wpb_content_element\" >\n\t\t<div class=\"wpb_wrapper\">\n\t\t\t<p>A los 7 a\u00f1os empec\u00e9 a estudiar viol\u00edn.<\/p>\n\n\t\t<\/div>\n\t<\/div>\n<div class=\"vc_empty_space\"   style=\"height: 20px\" ><span class=\"vc_empty_space_inner\"><\/span><\/div>\n<\/div><\/div><\/div><\/div><div class=\"vc_row wpb_row vc_row-fluid\" ><div class=\"wpb_column vc_column_container vc_col-sm-12\"><div class=\"vc_column-inner\"><div class=\"wpb_wrapper\">\n\t<div class=\"wpb_text_column wpb_content_element\" >\n\t\t<div class=\"wpb_wrapper\">\n\t\t\t<p>Desde entonces estoy activo en el mundo de la m\u00fasica cl\u00e1sica: como estudiante, profesor de conservatorio, m\u00fasico de orquesta cl\u00e1sica, miembro de patronatos y comisiones art\u00edsticas, productor discogr\u00e1fico, presidente de asociaciones, gerente del Conservatorio Municipal de M\u00fasica de Barcelona durante m\u00e1s de 20 a\u00f1os y, ahora, responsable de su programa de actividades de formaci\u00f3n y divulgaci\u00f3n abiertas a la ciudad.<\/p>\n\n\t\t<\/div>\n\t<\/div>\n<div class=\"vc_empty_space\"   style=\"height: 20px\" ><span class=\"vc_empty_space_inner\"><\/span><\/div>\n<\/div><\/div><\/div><\/div><div class=\"vc_row wpb_row vc_row-fluid\" ><div class=\"wpb_column vc_column_container vc_col-sm-12\"><div class=\"vc_column-inner\"><div class=\"wpb_wrapper\">\n\t<div class=\"wpb_text_column wpb_content_element\" >\n\t\t<div class=\"wpb_wrapper\">\n\t\t\t<p class=\"p1\">Me gusta contribuir a que las instituciones musicales tengan una relaci\u00f3n m\u00e1s abierta y fluida con las comunidades que las acogen y sostienen.<\/p>\n\n\t\t<\/div>\n\t<\/div>\n<div class=\"vc_empty_space\"   style=\"height: 20px\" ><span class=\"vc_empty_space_inner\"><\/span><\/div>\n<\/div><\/div><\/div><\/div><div data-vc-full-width=\"true\" data-vc-full-width-init=\"false\" data-vc-stretch-content=\"true\" class=\"vc_row wpb_row vc_row-fluid vc_custom_1607946763020 vc_column-gap-10 vc_row-no-padding\" ><div class=\"wpb_column vc_column_container vc_col-sm-4 vc_hidden-xs\"><div class=\"vc_column-inner\"><div class=\"wpb_wrapper\"><div class=\"eltdf-single-image-holder\">\n    <div class=\"eltdf-si-inner\" >\n                                    <img loading=\"lazy\" decoding=\"async\" width=\"500\" height=\"500\" src=\"https:\/\/mel.cat\/wp-content\/uploads\/2020\/12\/converses_2.jpg\" class=\"attachment-full size-full\" alt=\"\" srcset=\"https:\/\/mel.cat\/wp-content\/uploads\/2020\/12\/converses_2.jpg 500w, https:\/\/mel.cat\/wp-content\/uploads\/2020\/12\/converses_2-300x300.jpg 300w, https:\/\/mel.cat\/wp-content\/uploads\/2020\/12\/converses_2-150x150.jpg 150w, https:\/\/mel.cat\/wp-content\/uploads\/2020\/12\/converses_2-100x100.jpg 100w\" sizes=\"auto, (max-width: 500px) 100vw, 500px\" \/>                        <\/div>\n<\/div><\/div><\/div><\/div><div class=\"wpb_column vc_column_container vc_col-sm-8 vc_col-xs-12\"><div class=\"vc_column-inner\"><div class=\"wpb_wrapper\"><div class=\"eltdf-single-image-holder\">\n    <div class=\"eltdf-si-inner\" >\n                                    <img loading=\"lazy\" decoding=\"async\" width=\"1000\" height=\"500\" src=\"https:\/\/mel.cat\/wp-content\/uploads\/2020\/12\/Converses_1.jpg\" class=\"attachment-full size-full\" alt=\"\" srcset=\"https:\/\/mel.cat\/wp-content\/uploads\/2020\/12\/Converses_1.jpg 1000w, https:\/\/mel.cat\/wp-content\/uploads\/2020\/12\/Converses_1-300x150.jpg 300w, https:\/\/mel.cat\/wp-content\/uploads\/2020\/12\/Converses_1-768x384.jpg 768w, https:\/\/mel.cat\/wp-content\/uploads\/2020\/12\/Converses_1-600x300.jpg 600w\" sizes=\"auto, (max-width: 1000px) 100vw, 1000px\" \/>                        <\/div>\n<\/div><\/div><\/div><\/div><\/div><div class=\"vc_row-full-width vc_clearfix\"><\/div><div data-vc-full-width=\"true\" data-vc-full-width-init=\"false\" data-vc-stretch-content=\"true\" class=\"vc_row wpb_row vc_row-fluid wpb_animate_when_almost_visible wpb_fadeIn fadeIn vc_custom_1607076350997 vc_row-has-fill\" ><div class=\"wpb_column vc_column_container vc_col-sm-12\"><div class=\"vc_column-inner\"><div class=\"wpb_wrapper\"><div class=\"eltdf-call-to-action-holder  eltdf-simple-layout\">\n\t<div class=\"eltdf-cta-inner\">\n\t\t<div class=\"eltdf-cta-text-holder\">\n\t\t\t<div class=\"eltdf-cta-text\"><\/div>\n\t\t<\/div>\n\t\t<div class=\"eltdf-cta-button-holder\" >\n\t\t\t<div class=\"eltdf-cta-button\"><a itemprop=\"url\" href=\"http:\/\/mel.cat\/cast\/contacte\/\" target=\"_self\" style=\"background-color: #f1795f\" class=\"eltdf-btn eltdf-btn-medium eltdf-btn-solid eltdf-btn-custom-hover-bg eltdf-btn-custom-border-hover\" data-hover-bg-color=\"#fc7253\" data-hover-border-color=\"#fc7253\" >    <span class=\"eltdf-btn-text\">CONTACTO<\/span>        <\/a><\/div>\n\t\t<\/div>\n\t<\/div>\n<\/div><\/div><\/div><\/div><\/div><div class=\"vc_row-full-width vc_clearfix\"><\/div>","protected":false},"excerpt":{"rendered":"Converses i acompanyament M\u2019agrada conversar (del llat\u00ed conversari: \u201cviure en companyia, tractar amb alg\u00fa\u201d) i facilitar relacions fins ara percebudes com impossibles o sense valor. Escolto i faig de \u201ccaixa de resson\u00e0ncia\u201d: retorno i amplio all\u00f2 que he escoltat, afegeixo el meu feedback, canvio preguntes, [...]","protected":false},"author":1,"featured_media":0,"parent":0,"menu_order":0,"comment_status":"closed","ping_status":"closed","template":"","meta":{"footnotes":""},"class_list":["post-4932","page","type-page","status-publish","hentry"],"_links":{"self":[{"href":"https:\/\/mel.cat\/cast\/wp-json\/wp\/v2\/pages\/4932","targetHints":{"allow":["GET"]}}],"collection":[{"href":"https:\/\/mel.cat\/cast\/wp-json\/wp\/v2\/pages"}],"about":[{"href":"https:\/\/mel.cat\/cast\/wp-json\/wp\/v2\/types\/page"}],"author":[{"embeddable":true,"href":"https:\/\/mel.cat\/cast\/wp-json\/wp\/v2\/users\/1"}],"replies":[{"embeddable":true,"href":"https:\/\/mel.cat\/cast\/wp-json\/wp\/v2\/comments?post=4932"}],"version-history":[{"count":11,"href":"https:\/\/mel.cat\/cast\/wp-json\/wp\/v2\/pages\/4932\/revisions"}],"predecessor-version":[{"id":4938,"href":"https:\/\/mel.cat\/cast\/wp-json\/wp\/v2\/pages\/4932\/revisions\/4938"}],"wp:attachment":[{"href":"https:\/\/mel.cat\/cast\/wp-json\/wp\/v2\/media?parent=4932"}],"curies":[{"name":"wp","href":"https:\/\/api.w.org\/{rel}","templated":true}]}}