{"id":4890,"date":"2020-12-06T20:03:18","date_gmt":"2020-12-06T18:03:18","guid":{"rendered":"http:\/\/mel.cat\/?page_id=4890"},"modified":"2021-04-09T18:11:09","modified_gmt":"2021-04-09T16:11:09","slug":"inicio","status":"publish","type":"page","link":"https:\/\/mel.cat\/cast\/","title":{"rendered":"Inicio"},"content":{"rendered":"<div class=\"vc_row wpb_row vc_row-fluid\" ><div class=\"wpb_column vc_column_container vc_col-sm-12\"><div class=\"vc_column-inner\"><div class=\"wpb_wrapper\"><nav class=\"home-main-navigation-container\">\n  <div class=\"home-main-navigation__item\">\n    <div class=\"home-main-navigation__item__background\" style=\"background-image: url(https:\/\/mel.cat\/wp-content\/uploads\/2020\/11\/lliri-lila-scaled.jpg)\"><\/div>\n    <h2>\n      <a href=\"http:\/\/mel.cat\/cast\/mel\/\"><img decoding=\"async\" src=\"https:\/\/mel.cat\/wp-content\/uploads\/2020\/12\/logo.png\" width=\"150\" \/><\/a>\n      <!-- <p><a href=\"http:\/\/mel.cat\/mel\/\">M\u00e9s Enll\u00e0 dels L\u00edmits<\/a><\/p> -->\n    <\/h2>\n  <\/div>\n  <div class=\"home-main-navigation__item\">\n    <div class=\"home-main-navigation__item__background\" style=\"background-image: url(https:\/\/mel.cat\/wp-content\/uploads\/2020\/11\/lilium-blanc.jpg)\"><\/div>\n    <h2><div>Judit Commeleran Moure<div><\/h2>\n    <ul>\n      <li><a href=\"https:\/\/mel.cat\/cast\/judit-commeleran-moure\/\">Sobre mi<\/a><\/li>\n      <li><a href=\"https:\/\/mel.cat\/cast\/chi-nei-tsang\/\">Chi Nei Tsang<\/a><\/li>\n      <li><a href=\"https:\/\/mel.cat\/cast\/cnv\/\">Comunicaci\u00f3n NoViolenta<\/a><\/li>\n    <\/ul>\n  <\/div>\n  <div class=\"home-main-navigation__item\">\n    <div class=\"home-main-navigation__item__background\" style=\"background-image: url(https:\/\/mel.cat\/wp-content\/uploads\/2020\/12\/cabecera_reinventar_las_org.jpg)\"><\/div>\n    <h2><div>David Mart\u00ed Garc\u00e9s<div><\/h2>\n    <ul>\n      <li><a href=\"https:\/\/mel.cat\/cast\/david-marti-garces\/\">Sobre mi<\/a><\/li>\n      <li><a href=\"https:\/\/mel.cat\/cast\/reinventar-les-organitzacions\/\">\"Reinventar las organizaciones\"<\/a><\/li>\n      <li><a href=\"https:\/\/mel.cat\/cast\/converses-i-acompanyament\/\">Conversaciones y acompa\u00f1amiento<\/a><\/li>\n    <\/ul>\n  <\/div>\n<\/nav>\n\n<nav class=\"home-main-navigation-container__mobile\">\n  <div class=\"home-main-navigation__item\">\n    <!-- <h2><img decoding=\"async\" src=\"https:\/\/mel.cat\/wp-content\/uploads\/2020\/12\/logo.png\" width=\"150\" \/><\/h2> -->\n    <p><a href=\"http:\/\/mel.cat\/cast\/mel\/\">M\u00e9s Enll\u00e0 dels L\u00edmits - <br \/>\"M\u00e1s all\u00e1 de los l\u00edmites\"<\/a><\/p>\n  <\/div>\n  <div class=\"home-main-navigation__item\">\n    <h2><a href=\"https:\/\/mel.cat\/cast\/judit-menu\/\">Judit Commeleran Moure<\/a><\/h2>\n  <\/div>\n  <div class=\"home-main-navigation__item\">\n    <h2><a href=\"https:\/\/mel.cat\/cast\/david-menu\/\">David Mart\u00ed Garc\u00e9s<\/a><\/h2>\n  <\/div>\n<\/nav><\/div><\/div><\/div><\/div>","protected":false},"excerpt":{"rendered":"Judit Commeleran Moure Sobre mi Chi Nei Tsang Comunicaci\u00f3 NoViolenta David Mart\u00ed Garc\u00e9s Sobre mi \"Reinventar les organitzacions\" Converses i acompanyament M\u00e9s Enll\u00e0 dels L\u00edmits Judit Commeleran Moure David Mart\u00ed Garc\u00e9s","protected":false},"author":1,"featured_media":0,"parent":0,"menu_order":0,"comment_status":"closed","ping_status":"closed","template":"templates\/template-home.php","meta":{"footnotes":""},"class_list":["post-4890","page","type-page","status-publish","hentry"],"_links":{"self":[{"href":"https:\/\/mel.cat\/cast\/wp-json\/wp\/v2\/pages\/4890","targetHints":{"allow":["GET"]}}],"collection":[{"href":"https:\/\/mel.cat\/cast\/wp-json\/wp\/v2\/pages"}],"about":[{"href":"https:\/\/mel.cat\/cast\/wp-json\/wp\/v2\/types\/page"}],"author":[{"embeddable":true,"href":"https:\/\/mel.cat\/cast\/wp-json\/wp\/v2\/users\/1"}],"replies":[{"embeddable":true,"href":"https:\/\/mel.cat\/cast\/wp-json\/wp\/v2\/comments?post=4890"}],"version-history":[{"count":10,"href":"https:\/\/mel.cat\/cast\/wp-json\/wp\/v2\/pages\/4890\/revisions"}],"predecessor-version":[{"id":5241,"href":"https:\/\/mel.cat\/cast\/wp-json\/wp\/v2\/pages\/4890\/revisions\/5241"}],"wp:attachment":[{"href":"https:\/\/mel.cat\/cast\/wp-json\/wp\/v2\/media?parent=4890"}],"curies":[{"name":"wp","href":"https:\/\/api.w.org\/{rel}","templated":true}]}}