{"id":4871,"date":"2020-12-05T18:52:54","date_gmt":"2020-12-05T16:52:54","guid":{"rendered":"http:\/\/mel.cat\/?page_id=4871"},"modified":"2022-01-11T18:02:50","modified_gmt":"2022-01-11T16:02:50","slug":"el-rebost","status":"publish","type":"page","link":"https:\/\/mel.cat\/cast\/el-rebost\/","title":{"rendered":"La despensa"},"content":{"rendered":"<div class=\"vc_row wpb_row vc_row-fluid vc_custom_1607186347819\" ><div class=\"wpb_column vc_column_container vc_col-sm-12\"><div class=\"vc_column-inner\"><div class=\"wpb_wrapper\">\n\t<div class=\"wpb_text_column wpb_content_element\" >\n\t\t<div class=\"wpb_wrapper\">\n\t\t\t<h4><span style=\"color: #9579ac;\">La despensa, <\/span><\/h4>\n<h4><span style=\"color: #9579ac;\">... con algunos enlaces que nos gusta compartir.<\/span><\/h4>\n<h4><\/h4>\n\n\t\t<\/div>\n\t<\/div>\n<div class=\"vc_empty_space\"   style=\"height: 20px\" ><span class=\"vc_empty_space_inner\"><\/span><\/div>\n\n\t<div class=\"wpb_text_column wpb_content_element\" >\n\t\t<div class=\"wpb_wrapper\">\n\t\t\t<p><a href=\"https:\/\/www.cnvc.org\/\">The Center for Nonviolent Communication<\/a><\/p>\n<p><a href=\"https:\/\/www.asociacioncomunicacionnoviolenta.org\/\">Asociaci\u00f3n para la Comunicaci\u00f3n NoViolenta de Espan\u0303a<\/a><\/p>\n<p><a href=\"https:\/\/www.chineitsang.com\/\">Chi Nei Tsang Institute<\/a><\/p>\n<p><a href=\"https:\/\/www.reinventingorganizations.com\/\">Reinventar las organizaciones<\/a><\/p>\n<p><a href=\"https:\/\/conversare.ooo\/\">Din\u00e1micas en espiral (Spiral Dynamics\u00ae)<\/a><\/p>\n\n\t\t<\/div>\n\t<\/div>\n<\/div><\/div><\/div><\/div>","protected":false},"excerpt":{"rendered":"El rebost, ... amb alguns enlla\u00e7os que ens agrada compartir. The Center for Nonviolent Communication Asociaci\u00f3n para la Comunicaci\u00f3n NoViolenta de Espan\u0303a Chi Nei Tsang Institute Reinventar las organizaciones Din\u00e1micas en espiral (Spiral Dynamics\u00ae)","protected":false},"author":1,"featured_media":0,"parent":0,"menu_order":0,"comment_status":"closed","ping_status":"closed","template":"","meta":{"footnotes":""},"class_list":["post-4871","page","type-page","status-publish","hentry"],"_links":{"self":[{"href":"https:\/\/mel.cat\/cast\/wp-json\/wp\/v2\/pages\/4871","targetHints":{"allow":["GET"]}}],"collection":[{"href":"https:\/\/mel.cat\/cast\/wp-json\/wp\/v2\/pages"}],"about":[{"href":"https:\/\/mel.cat\/cast\/wp-json\/wp\/v2\/types\/page"}],"author":[{"embeddable":true,"href":"https:\/\/mel.cat\/cast\/wp-json\/wp\/v2\/users\/1"}],"replies":[{"embeddable":true,"href":"https:\/\/mel.cat\/cast\/wp-json\/wp\/v2\/comments?post=4871"}],"version-history":[{"count":24,"href":"https:\/\/mel.cat\/cast\/wp-json\/wp\/v2\/pages\/4871\/revisions"}],"predecessor-version":[{"id":5077,"href":"https:\/\/mel.cat\/cast\/wp-json\/wp\/v2\/pages\/4871\/revisions\/5077"}],"wp:attachment":[{"href":"https:\/\/mel.cat\/cast\/wp-json\/wp\/v2\/media?parent=4871"}],"curies":[{"name":"wp","href":"https:\/\/api.w.org\/{rel}","templated":true}]}}