{"id":4843,"date":"2020-12-04T13:58:59","date_gmt":"2020-12-04T11:58:59","guid":{"rendered":"http:\/\/mel.cat\/?page_id=4843"},"modified":"2022-01-12T18:00:12","modified_gmt":"2022-01-12T16:00:12","slug":"reinventar-les-organitzacions","status":"publish","type":"page","link":"https:\/\/mel.cat\/cast\/reinventar-les-organitzacions\/","title":{"rendered":"Reinventar las organizaciones"},"content":{"rendered":"<div class=\"vc_row wpb_row vc_row-fluid vc_custom_1607072770003 vc_row-o-content-middle vc_row-flex\" ><div class=\"wpb_column vc_column_container vc_col-sm-3 vc_col-xs-6\"><div class=\"vc_column-inner\"><div class=\"wpb_wrapper\"><div class=\"eltdf-single-image-holder\">\n    <div class=\"eltdf-si-inner\" >\n                                    <img loading=\"lazy\" decoding=\"async\" width=\"150\" height=\"150\" src=\"https:\/\/mel.cat\/wp-content\/uploads\/2021\/02\/reinventar_org-1-150x150.png\" class=\"attachment-thumbnail size-thumbnail\" alt=\"\" srcset=\"https:\/\/mel.cat\/wp-content\/uploads\/2021\/02\/reinventar_org-1-150x150.png 150w, https:\/\/mel.cat\/wp-content\/uploads\/2021\/02\/reinventar_org-1-12x12.png 12w, https:\/\/mel.cat\/wp-content\/uploads\/2021\/02\/reinventar_org-1.png 301w\" sizes=\"auto, (max-width: 150px) 100vw, 150px\" \/>                        <\/div>\n<\/div><\/div><\/div><\/div><div class=\"wpb_column vc_column_container vc_col-sm-9\"><div class=\"vc_column-inner\"><div class=\"wpb_wrapper\">\n\t<div class=\"wpb_text_column wpb_content_element\" >\n\t\t<div class=\"wpb_wrapper\">\n\t\t\t<h3 style=\"text-align: left;\"><span style=\"color: #49bfb8;\">Reinventar las organizaciones<\/span><\/h3>\n\n\t\t<\/div>\n\t<\/div>\n<\/div><\/div><\/div><\/div><div class=\"vc_row wpb_row vc_row-fluid\" ><div class=\"wpb_column vc_column_container vc_col-sm-12\"><div class=\"vc_column-inner\"><div class=\"wpb_wrapper\">\n\t<div class=\"wpb_text_column wpb_content_element\" >\n\t\t<div class=\"wpb_wrapper\">\n\t\t\t<p>\u201cReinventar las organizaciones\u201d es el t\u00edtulo de un libro de Frederic Laloux.<\/p>\n\n\t\t<\/div>\n\t<\/div>\n<div class=\"vc_empty_space\"   style=\"height: 20px\" ><span class=\"vc_empty_space_inner\"><\/span><\/div>\n<\/div><\/div><\/div><\/div><div class=\"vc_row wpb_row vc_row-fluid\" ><div class=\"wpb_column vc_column_container vc_col-sm-12\"><div class=\"vc_column-inner\"><div class=\"wpb_wrapper\">\n\t<div class=\"wpb_text_column wpb_content_element\" >\n\t\t<div class=\"wpb_wrapper\">\n\t\t\t<p>Nos da a conocer a 12 organizaciones de diferentes sectores, dimensiones y lugares del mundo que, sin conocerse entre ellas, han encontrado respuestas positivas, concretas, y similares, a las siguientes preguntas:<\/p>\n\n\t\t<\/div>\n\t<\/div>\n<div class=\"vc_empty_space\"   style=\"height: 20px\" ><span class=\"vc_empty_space_inner\"><\/span><\/div>\n<\/div><\/div><\/div><\/div><div class=\"vc_row wpb_row vc_row-fluid\" ><div class=\"wpb_column vc_column_container vc_col-sm-12\"><div class=\"vc_column-inner\"><div class=\"wpb_wrapper\">\n\t<div class=\"wpb_text_column wpb_content_element\" >\n\t\t<div class=\"wpb_wrapper\">\n\t\t\t<p>\u00bfPodemos alcanzar la plenitud de nuestro potencial humano, de nuestro Ser, en nuestras organizaciones profesionales?<\/p>\n\n\t\t<\/div>\n\t<\/div>\n<div class=\"vc_empty_space\"   style=\"height: 20px\" ><span class=\"vc_empty_space_inner\"><\/span><\/div>\n<\/div><\/div><\/div><\/div><div class=\"vc_row wpb_row vc_row-fluid\" ><div class=\"wpb_column vc_column_container vc_col-sm-12\"><div class=\"vc_column-inner\"><div class=\"wpb_wrapper\">\n\t<div class=\"wpb_text_column wpb_content_element\" >\n\t\t<div class=\"wpb_wrapper\">\n\t\t\t<p>\u00bfPodemos variar y cambiar estructuras, pr\u00e1cticas, procesos y culturas organizacionales que hasta hoy \u201chan sido as\u00ed\u201d y \u201cse han hecho as\u00ed\u201d?<\/p>\n\n\t\t<\/div>\n\t<\/div>\n<div class=\"vc_empty_space\"   style=\"height: 20px\" ><span class=\"vc_empty_space_inner\"><\/span><\/div>\n<\/div><\/div><\/div><\/div><div class=\"vc_row wpb_row vc_row-fluid\" ><div class=\"wpb_column vc_column_container vc_col-sm-12\"><div class=\"vc_column-inner\"><div class=\"wpb_wrapper\">\n\t<div class=\"wpb_text_column wpb_content_element\" >\n\t\t<div class=\"wpb_wrapper\">\n\t\t\t<p>\u00bfPodemos crear organizaciones en constante evoluci\u00f3n hacia la sostenibilidad ecol\u00f3gica?<\/p>\n\n\t\t<\/div>\n\t<\/div>\n<div class=\"vc_empty_space\"   style=\"height: 20px\" ><span class=\"vc_empty_space_inner\"><\/span><\/div>\n<\/div><\/div><\/div><\/div><div class=\"vc_row wpb_row vc_row-fluid\" ><div class=\"wpb_column vc_column_container vc_col-sm-12\"><div class=\"vc_column-inner\"><div class=\"wpb_wrapper\">\n\t<div class=\"wpb_text_column wpb_content_element\" >\n\t\t<div class=\"wpb_wrapper\">\n\t\t\t<p class=\"p1\">He sido el promotor y prologuista de la edici\u00f3n en castellano de este libro, as\u00ed como de su posterior \u201cGu\u00eda pr\u00e1ctica ilustrada\u201d. Desde su publicaci\u00f3n (2016) he compartido su mensaje en conferencias p\u00fablicas y en organizaciones.<\/p>\n\n\t\t<\/div>\n\t<\/div>\n<div class=\"vc_empty_space\"   style=\"height: 20px\" ><span class=\"vc_empty_space_inner\"><\/span><\/div>\n<\/div><\/div><\/div><\/div><div class=\"vc_row wpb_row vc_row-fluid vc_custom_1607081421729\" ><div class=\"wpb_column vc_column_container vc_col-sm-12\"><div class=\"vc_column-inner\"><div class=\"wpb_wrapper\">\n\t<div class=\"wpb_text_column wpb_content_element\" >\n\t\t<div class=\"wpb_wrapper\">\n\t\t\t<p>A algunas de ellas las he acompa\u00f1ado en su viaje evolutivo.<\/p>\n\n\t\t<\/div>\n\t<\/div>\n<\/div><\/div><\/div><\/div><div class=\"vc_row wpb_row vc_row-fluid vc_custom_1607081495749\" ><div class=\"wpb_column vc_column_container vc_col-sm-12\"><div class=\"vc_column-inner\"><div class=\"wpb_wrapper\"><div class=\"eltdf-video-button-holder  eltdf-vb-has-img\">\n\t<div class=\"eltdf-video-button-image\">\n\t\t<img loading=\"lazy\" decoding=\"async\" width=\"2560\" height=\"1369\" src=\"https:\/\/mel.cat\/wp-content\/uploads\/2021\/02\/david_youtube-scaled-1.jpg\" class=\"attachment-full size-full\" alt=\"\" srcset=\"https:\/\/mel.cat\/wp-content\/uploads\/2021\/02\/david_youtube-scaled-1.jpg 2560w, https:\/\/mel.cat\/wp-content\/uploads\/2021\/02\/david_youtube-scaled-1-300x160.jpg 300w, https:\/\/mel.cat\/wp-content\/uploads\/2021\/02\/david_youtube-scaled-1-1024x548.jpg 1024w, https:\/\/mel.cat\/wp-content\/uploads\/2021\/02\/david_youtube-scaled-1-768x411.jpg 768w, https:\/\/mel.cat\/wp-content\/uploads\/2021\/02\/david_youtube-scaled-1-1536x821.jpg 1536w, https:\/\/mel.cat\/wp-content\/uploads\/2021\/02\/david_youtube-scaled-1-16x9.jpg 16w\" sizes=\"auto, (max-width: 2560px) 100vw, 2560px\" \/>\t<\/div>\n\t\t\t<a class=\"eltdf-video-button-play-image eltdf-vb-has-hover-image\" href=\"https:\/\/youtu.be\/Na5hzGjocOs\" data-rel=\"prettyPhoto[video_button_pretty_photo_934]\">\n\t\t\t<span class=\"eltdf-video-button-play-inner\">\n\t\t\t\t<img loading=\"lazy\" decoding=\"async\" width=\"85\" height=\"85\" src=\"https:\/\/mel.cat\/wp-content\/uploads\/2021\/02\/button_normal.png\" class=\"attachment-full size-full\" alt=\"\" srcset=\"https:\/\/mel.cat\/wp-content\/uploads\/2021\/02\/button_normal.png 85w, https:\/\/mel.cat\/wp-content\/uploads\/2021\/02\/button_normal-12x12.png 12w\" sizes=\"auto, (max-width: 85px) 100vw, 85px\" \/>\t\t\t\t\t\t\t\t\t<img loading=\"lazy\" decoding=\"async\" width=\"85\" height=\"85\" src=\"https:\/\/mel.cat\/wp-content\/uploads\/2021\/02\/button_hover.png\" class=\"attachment-full size-full\" alt=\"\" srcset=\"https:\/\/mel.cat\/wp-content\/uploads\/2021\/02\/button_hover.png 85w, https:\/\/mel.cat\/wp-content\/uploads\/2021\/02\/button_hover-12x12.png 12w\" sizes=\"auto, (max-width: 85px) 100vw, 85px\" \/>\t\t\t\t\t\t\t<\/span>\n\t\t<\/a>\n\t<\/div><\/div><\/div><\/div><\/div><div data-vc-full-width=\"true\" data-vc-full-width-init=\"false\" data-vc-stretch-content=\"true\" class=\"vc_row wpb_row vc_row-fluid wpb_animate_when_almost_visible wpb_fadeIn fadeIn vc_custom_1607076350997 vc_row-has-fill\" ><div class=\"wpb_column vc_column_container vc_col-sm-12\"><div class=\"vc_column-inner\"><div class=\"wpb_wrapper\"><div class=\"eltdf-call-to-action-holder  eltdf-simple-layout\">\n\t<div class=\"eltdf-cta-inner\">\n\t\t<div class=\"eltdf-cta-text-holder\">\n\t\t\t<div class=\"eltdf-cta-text\"><\/div>\n\t\t<\/div>\n\t\t<div class=\"eltdf-cta-button-holder\" >\n\t\t\t<div class=\"eltdf-cta-button\"><a itemprop=\"url\" href=\"http:\/\/mel.cat\/cast\/contacte\/\" target=\"_self\" style=\"background-color: #49bfb8\" class=\"eltdf-btn eltdf-btn-medium eltdf-btn-solid eltdf-btn-custom-hover-bg eltdf-btn-custom-border-hover\" data-hover-bg-color=\"#1dd1cb\" data-hover-border-color=\"#1dd1cb\" >    <span class=\"eltdf-btn-text\">CONTACTO<\/span>        <\/a><\/div>\n\t\t<\/div>\n\t<\/div>\n<\/div><\/div><\/div><\/div><\/div><div class=\"vc_row-full-width vc_clearfix\"><\/div>","protected":false},"excerpt":{"rendered":"Reinventar les organitzacions \u201cReinventar las organizaciones\u201d es el t\u00edtol d\u2019un llibre de Frederic Laloux. Ens presenta 12 organitzacions de diferents sectors, dimensions i llocs del m\u00f3n que, sense con\u00e8ixer-se entre elles, han trobat respostes positives, concretes i similars, a les preguntes seg\u00fcents: Podem assolir la [...]","protected":false},"author":1,"featured_media":0,"parent":0,"menu_order":0,"comment_status":"closed","ping_status":"closed","template":"","meta":{"footnotes":""},"class_list":["post-4843","page","type-page","status-publish","hentry"],"_links":{"self":[{"href":"https:\/\/mel.cat\/cast\/wp-json\/wp\/v2\/pages\/4843","targetHints":{"allow":["GET"]}}],"collection":[{"href":"https:\/\/mel.cat\/cast\/wp-json\/wp\/v2\/pages"}],"about":[{"href":"https:\/\/mel.cat\/cast\/wp-json\/wp\/v2\/types\/page"}],"author":[{"embeddable":true,"href":"https:\/\/mel.cat\/cast\/wp-json\/wp\/v2\/users\/1"}],"replies":[{"embeddable":true,"href":"https:\/\/mel.cat\/cast\/wp-json\/wp\/v2\/comments?post=4843"}],"version-history":[{"count":32,"href":"https:\/\/mel.cat\/cast\/wp-json\/wp\/v2\/pages\/4843\/revisions"}],"predecessor-version":[{"id":5248,"href":"https:\/\/mel.cat\/cast\/wp-json\/wp\/v2\/pages\/4843\/revisions\/5248"}],"wp:attachment":[{"href":"https:\/\/mel.cat\/cast\/wp-json\/wp\/v2\/media?parent=4843"}],"curies":[{"name":"wp","href":"https:\/\/api.w.org\/{rel}","templated":true}]}}