{"id":4825,"date":"2020-12-04T13:10:55","date_gmt":"2020-12-04T11:10:55","guid":{"rendered":"http:\/\/mel.cat\/?page_id=4825"},"modified":"2021-04-09T18:12:54","modified_gmt":"2021-04-09T16:12:54","slug":"david-marti-garces","status":"publish","type":"page","link":"https:\/\/mel.cat\/cast\/david-marti-garces\/","title":{"rendered":"David Mart\u00ed Garc\u00e9s"},"content":{"rendered":"<div class=\"vc_row wpb_row vc_row-fluid vc_custom_1607072770003 vc_row-o-content-middle vc_row-flex\" ><div class=\"wpb_column vc_column_container vc_col-sm-3 vc_col-xs-6\"><div class=\"vc_column-inner\"><div class=\"wpb_wrapper\"><div class=\"eltdf-single-image-holder\">\n    <div class=\"eltdf-si-inner\" >\n                                    <img loading=\"lazy\" decoding=\"async\" width=\"300\" height=\"300\" src=\"https:\/\/mel.cat\/wp-content\/uploads\/2020\/12\/David.png\" class=\"attachment-full size-full\" alt=\"\" srcset=\"https:\/\/mel.cat\/wp-content\/uploads\/2020\/12\/David.png 300w, https:\/\/mel.cat\/wp-content\/uploads\/2020\/12\/David-150x150.png 150w, https:\/\/mel.cat\/wp-content\/uploads\/2020\/12\/David-100x100.png 100w\" sizes=\"auto, (max-width: 300px) 100vw, 300px\" \/>                        <\/div>\n<\/div><\/div><\/div><\/div><div class=\"wpb_column vc_column_container vc_col-sm-9\"><div class=\"vc_column-inner\"><div class=\"wpb_wrapper\">\n\t<div class=\"wpb_text_column wpb_content_element\" >\n\t\t<div class=\"wpb_wrapper\">\n\t\t\t<h5 style=\"text-align: left;\"><span style=\"color: #f79e31;\"><strong>David Mart\u00ed Garc\u00e9s<\/strong><\/span><\/h5>\n\n\t\t<\/div>\n\t<\/div>\n<\/div><\/div><\/div><\/div><div class=\"vc_row wpb_row vc_row-fluid\" ><div class=\"wpb_column vc_column_container vc_col-sm-12\"><div class=\"vc_column-inner\"><div class=\"wpb_wrapper\">\n\t<div class=\"wpb_text_column wpb_content_element\" >\n\t\t<div class=\"wpb_wrapper\">\n\t\t\t<p>El menor de una familia de 6 herman@s, nac\u00ed en 1965 en Barcelona, ciudad donde viv\u00ed hasta los 20 a\u00f1os. Entre los 21 y los 30 viv\u00ed en Wisconsin, \u00c1msterdam, Connecticut y Madrid. Ahora vivo en La Costa del Montseny, un pueblo de 50 habitantes del Parque Natural del Montseny (Barcelona). Casado con Judit, somos madre y padre de un hijo y dos hijas.<\/p>\n\n\t\t<\/div>\n\t<\/div>\n<div class=\"vc_empty_space\"   style=\"height: 20px\" ><span class=\"vc_empty_space_inner\"><\/span><\/div>\n<\/div><\/div><\/div><\/div><div class=\"vc_row wpb_row vc_row-fluid\" ><div class=\"wpb_column vc_column_container vc_col-sm-12\"><div class=\"vc_column-inner\"><div class=\"wpb_wrapper\">\n\t<div class=\"wpb_text_column wpb_content_element\" >\n\t\t<div class=\"wpb_wrapper\">\n\t\t\t<p>Tengo el T\u00edtulo de Profesor de Viol\u00edn, un Master in Public Administration (ESADE), formaci\u00f3n en Executive Coaching (ESADE) y ahora me estoy acercando al mundo de Spiral Dynamics Integral.<\/p>\n\n\t\t<\/div>\n\t<\/div>\n<div class=\"vc_empty_space\"   style=\"height: 20px\" ><span class=\"vc_empty_space_inner\"><\/span><\/div>\n<\/div><\/div><\/div><\/div><div class=\"vc_row wpb_row vc_row-fluid\" ><div class=\"wpb_column vc_column_container vc_col-sm-12\"><div class=\"vc_column-inner\"><div class=\"wpb_wrapper\">\n\t<div class=\"wpb_text_column wpb_content_element\" >\n\t\t<div class=\"wpb_wrapper\">\n\t\t\t<p>En el \u00e1mbito de la m\u00fasica, he ejercido de m\u00fasico de orquesta, de profesor y, durante m\u00e1s de 20 a\u00f1os, de gerente del Conservatorio Municipal de M\u00fasica de Barcelona. En otros \u00e1mbitos profesionales, he acompa\u00f1ado a organizaciones en procesos de transformaci\u00f3n, colaborado con fundaciones corporativas y realizado presentaciones p\u00fablicas sobre organizaciones Teal.<\/p>\n\n\t\t<\/div>\n\t<\/div>\n<div class=\"vc_empty_space\"   style=\"height: 20px\" ><span class=\"vc_empty_space_inner\"><\/span><\/div>\n<\/div><\/div><\/div><\/div><div class=\"vc_row wpb_row vc_row-fluid\" ><div class=\"wpb_column vc_column_container vc_col-sm-12\"><div class=\"vc_column-inner\"><div class=\"wpb_wrapper\">\n\t<div class=\"wpb_text_column wpb_content_element\" >\n\t\t<div class=\"wpb_wrapper\">\n\t\t\t<p>A nivel personal y familiar, con Judit, he co-impulsado en momentos diferentes dos proyectos de educaci\u00f3n viva autogestionada, para acoger y acompa\u00f1ar las etapas de crecimiento de nuestr@s hij@s. El Planter (www.elplanter.cat), creado junto a otras familias, es el segundo de ellos.<\/p>\n\n\t\t<\/div>\n\t<\/div>\n<div class=\"vc_empty_space\"   style=\"height: 20px\" ><span class=\"vc_empty_space_inner\"><\/span><\/div>\n<\/div><\/div><\/div><\/div><div class=\"vc_row wpb_row vc_row-fluid vc_custom_1607080093596\" ><div class=\"wpb_column vc_column_container vc_col-sm-12\"><div class=\"vc_column-inner\"><div class=\"wpb_wrapper\">\n\t<div class=\"wpb_text_column wpb_content_element\" >\n\t\t<div class=\"wpb_wrapper\">\n\t\t\t<p>Cuido a personas y organizaciones. Los aprendizajes acumulados de las experiencias vividas hasta ahora est\u00e1n al servicio de este prop\u00f3sito.<\/p>\n\n\t\t<\/div>\n\t<\/div>\n<\/div><\/div><\/div><\/div>","protected":false},"excerpt":{"rendered":"David Mart\u00ed Garc\u00e9s El petit d\u2019una fam\u00edlia de 6 fills, vaig n\u00e9ixer el 1965 a Barcelona, ciutat on vaig viure fins als 20 anys. Entre els 21 i els 30 vaig viure a Wisconsin, Amsterdam, Connecticut i Madrid. Ara visc a La Costa del Montseny, [...]","protected":false},"author":1,"featured_media":0,"parent":0,"menu_order":0,"comment_status":"closed","ping_status":"closed","template":"","meta":{"footnotes":""},"class_list":["post-4825","page","type-page","status-publish","hentry"],"_links":{"self":[{"href":"https:\/\/mel.cat\/cast\/wp-json\/wp\/v2\/pages\/4825","targetHints":{"allow":["GET"]}}],"collection":[{"href":"https:\/\/mel.cat\/cast\/wp-json\/wp\/v2\/pages"}],"about":[{"href":"https:\/\/mel.cat\/cast\/wp-json\/wp\/v2\/types\/page"}],"author":[{"embeddable":true,"href":"https:\/\/mel.cat\/cast\/wp-json\/wp\/v2\/users\/1"}],"replies":[{"embeddable":true,"href":"https:\/\/mel.cat\/cast\/wp-json\/wp\/v2\/comments?post=4825"}],"version-history":[{"count":22,"href":"https:\/\/mel.cat\/cast\/wp-json\/wp\/v2\/pages\/4825\/revisions"}],"predecessor-version":[{"id":5244,"href":"https:\/\/mel.cat\/cast\/wp-json\/wp\/v2\/pages\/4825\/revisions\/5244"}],"wp:attachment":[{"href":"https:\/\/mel.cat\/cast\/wp-json\/wp\/v2\/media?parent=4825"}],"curies":[{"name":"wp","href":"https:\/\/api.w.org\/{rel}","templated":true}]}}