{"id":4778,"date":"2020-11-24T16:16:35","date_gmt":"2020-11-24T14:16:35","guid":{"rendered":"http:\/\/mel.cat\/?page_id=4778"},"modified":"2021-04-09T18:11:52","modified_gmt":"2021-04-09T16:11:52","slug":"mel","status":"publish","type":"page","link":"https:\/\/mel.cat\/cast\/mel\/","title":{"rendered":"Mel"},"content":{"rendered":"<div class=\"vc_row wpb_row vc_row-fluid eltdf-content-aligment-center\" ><div class=\"wpb_column vc_column_container vc_col-sm-4\"><div class=\"vc_column-inner\"><div class=\"wpb_wrapper\"><\/div><\/div><\/div><div class=\"wpb_column vc_column_container vc_col-sm-4\"><div class=\"vc_column-inner\"><div class=\"wpb_wrapper\">\n\t<div  class=\"wpb_single_image wpb_content_element vc_align_center\">\n\t\t\n\t\t<figure class=\"wpb_wrapper vc_figure\">\n\t\t\t<div class=\"vc_single_image-wrapper   vc_box_border_grey\"><img loading=\"lazy\" decoding=\"async\" width=\"150\" height=\"150\" src=\"https:\/\/mel.cat\/wp-content\/uploads\/2020\/12\/logo-150x150.png\" class=\"vc_single_image-img attachment-thumbnail\" alt=\"\" srcset=\"https:\/\/mel.cat\/wp-content\/uploads\/2020\/12\/logo-150x150.png 150w, https:\/\/mel.cat\/wp-content\/uploads\/2020\/12\/logo-300x300.png 300w, https:\/\/mel.cat\/wp-content\/uploads\/2020\/12\/logo-1024x1024.png 1024w, https:\/\/mel.cat\/wp-content\/uploads\/2020\/12\/logo-768x768.png 768w, https:\/\/mel.cat\/wp-content\/uploads\/2020\/12\/logo-1536x1536.png 1536w, https:\/\/mel.cat\/wp-content\/uploads\/2020\/12\/logo-650x650.png 650w, https:\/\/mel.cat\/wp-content\/uploads\/2020\/12\/logo-1300x1300.png 1300w, https:\/\/mel.cat\/wp-content\/uploads\/2020\/12\/logo-600x600.png 600w, https:\/\/mel.cat\/wp-content\/uploads\/2020\/12\/logo-100x100.png 100w\" sizes=\"auto, (max-width: 150px) 100vw, 150px\" \/><\/div>\n\t\t<\/figure>\n\t<\/div>\n<\/div><\/div><\/div><div class=\"wpb_column vc_column_container vc_col-sm-4\"><div class=\"vc_column-inner\"><div class=\"wpb_wrapper\"><\/div><\/div><\/div><\/div><div class=\"vc_row wpb_row vc_row-fluid\" ><div class=\"wpb_column vc_column_container vc_col-sm-12\"><div class=\"vc_column-inner\"><div class=\"wpb_wrapper\">\n\t<div class=\"wpb_text_column wpb_content_element\" >\n\t\t<div class=\"wpb_wrapper\">\n\t\t\t<h4 style=\"text-align: center;\"><strong><span style=\"color: #84b148;\">M\u00e9s Enll\u00e0 dels L\u00edmits - <br \/>\"M\u00e1s all\u00e1 de los l\u00edmites\"<\/span><\/strong><\/h4>\n\n\t\t<\/div>\n\t<\/div>\n<div class=\"vc_empty_space\"   style=\"height: 50px\" ><span class=\"vc_empty_space_inner\"><\/span><\/div>\n<\/div><\/div><\/div><\/div><div class=\"vc_row wpb_row vc_row-fluid vc_custom_1606143973431\" ><div class=\"wpb_column vc_column_container vc_col-sm-12\"><div class=\"vc_column-inner\"><div class=\"wpb_wrapper\">\n\t<div class=\"wpb_text_column wpb_content_element\" >\n\t\t<div class=\"wpb_wrapper\">\n\t\t\t\n\t\t<\/div>\n\t<\/div>\n<div class=\"vc_empty_space\"   style=\"height: 15px\" ><span class=\"vc_empty_space_inner\"><\/span><\/div>\n\n\t<div class=\"wpb_text_column wpb_content_element\" >\n\t\t<div class=\"wpb_wrapper\">\n\t\t\t<p class=\"p1\" style=\"text-align: center;\">Una propuesta de acompa\u00f1amiento a personas y organizaciones en sus procesos de evoluci\u00f3n y transformaci\u00f3n.<\/p>\n<p class=\"p1\" style=\"text-align: center;\">Un camino de salud y de reconocimiento, de aceptaci\u00f3n y manifestaci\u00f3n de la esencia del SER.<\/p>\n<p class=\"p1\" style=\"text-align: center;\">Una mirada hacia dentro, para despertar, recuperar y vivir nuestra aut\u00e9ntica naturaleza humana, m\u00e1s all\u00e1 de los l\u00edmites. Un camino hacia la plenitud.<\/p>\n\n\t\t<\/div>\n\t<\/div>\n<\/div><\/div><\/div><\/div><div data-vc-full-width=\"true\" data-vc-full-width-init=\"false\" data-vc-stretch-content=\"true\" class=\"vc_row wpb_row vc_row-fluid wpb_animate_when_almost_visible wpb_fadeIn fadeIn vc_custom_1606228097217 vc_row-no-padding\" ><div class=\"wpb_column vc_column_container vc_col-sm-12\"><div class=\"vc_column-inner\"><div class=\"wpb_wrapper\"><div class=\"eltdf-image-gallery eltdf-grid-list eltdf-grid-masonry-list eltdf-disable-bottom-space  eltdf-ig-masonry-type eltdf-two-columns eltdf-small-space\">\n\t<div class=\"eltdf-ig-inner eltdf-outer-space eltdf-masonry-list-wrapper\">\n\t\t<div class=\"eltdf-masonry-grid-sizer\"><\/div>\n\t\t<div class=\"eltdf-masonry-grid-gutter\"><\/div>\n\t\t\t\t\t\t\t\t<div class=\"eltdf-ig-image eltdf-item-space\">\n\t\t\t\t<div class=\"eltdf-ig-image-inner\">\n\t\t\t\t\t\t\t\t\t\t\t<img loading=\"lazy\" decoding=\"async\" width=\"1000\" height=\"563\" src=\"https:\/\/mel.cat\/wp-content\/uploads\/2020\/12\/Mel_1.jpg\" class=\"attachment-full size-full\" alt=\"\" srcset=\"https:\/\/mel.cat\/wp-content\/uploads\/2020\/12\/Mel_1.jpg 1000w, https:\/\/mel.cat\/wp-content\/uploads\/2020\/12\/Mel_1-300x169.jpg 300w, https:\/\/mel.cat\/wp-content\/uploads\/2020\/12\/Mel_1-768x432.jpg 768w, https:\/\/mel.cat\/wp-content\/uploads\/2020\/12\/Mel_1-600x338.jpg 600w\" sizes=\"auto, (max-width: 1000px) 100vw, 1000px\" \/>\t\t\t\t\t\t\t\t\t<\/div>\n\t\t\t<\/div>\n\t\t\t\t\t\t\t\t<div class=\"eltdf-ig-image eltdf-item-space\">\n\t\t\t\t<div class=\"eltdf-ig-image-inner\">\n\t\t\t\t\t\t\t\t\t\t\t<img loading=\"lazy\" decoding=\"async\" width=\"1000\" height=\"563\" src=\"https:\/\/mel.cat\/wp-content\/uploads\/2020\/12\/Mel_2.jpg\" class=\"attachment-full size-full\" alt=\"\" srcset=\"https:\/\/mel.cat\/wp-content\/uploads\/2020\/12\/Mel_2.jpg 1000w, https:\/\/mel.cat\/wp-content\/uploads\/2020\/12\/Mel_2-300x169.jpg 300w, https:\/\/mel.cat\/wp-content\/uploads\/2020\/12\/Mel_2-768x432.jpg 768w, https:\/\/mel.cat\/wp-content\/uploads\/2020\/12\/Mel_2-600x338.jpg 600w\" sizes=\"auto, (max-width: 1000px) 100vw, 1000px\" \/>\t\t\t\t\t\t\t\t\t<\/div>\n\t\t\t<\/div>\n\t\t\t\t\t\t\t\t<div class=\"eltdf-ig-image eltdf-item-space\">\n\t\t\t\t<div class=\"eltdf-ig-image-inner\">\n\t\t\t\t\t\t\t\t\t\t\t<img loading=\"lazy\" decoding=\"async\" width=\"1000\" height=\"563\" src=\"https:\/\/mel.cat\/wp-content\/uploads\/2020\/12\/Mel_3.jpg\" class=\"attachment-full size-full\" alt=\"\" srcset=\"https:\/\/mel.cat\/wp-content\/uploads\/2020\/12\/Mel_3.jpg 1000w, https:\/\/mel.cat\/wp-content\/uploads\/2020\/12\/Mel_3-300x169.jpg 300w, https:\/\/mel.cat\/wp-content\/uploads\/2020\/12\/Mel_3-768x432.jpg 768w, https:\/\/mel.cat\/wp-content\/uploads\/2020\/12\/Mel_3-600x338.jpg 600w\" sizes=\"auto, (max-width: 1000px) 100vw, 1000px\" \/>\t\t\t\t\t\t\t\t\t<\/div>\n\t\t\t<\/div>\n\t\t\t\t\t\t\t\t<div class=\"eltdf-ig-image eltdf-item-space\">\n\t\t\t\t<div class=\"eltdf-ig-image-inner\">\n\t\t\t\t\t\t\t\t\t\t\t<img loading=\"lazy\" decoding=\"async\" width=\"1000\" height=\"563\" src=\"https:\/\/mel.cat\/wp-content\/uploads\/2021\/01\/MEL_5.jpg\" class=\"attachment-full size-full\" alt=\"\" srcset=\"https:\/\/mel.cat\/wp-content\/uploads\/2021\/01\/MEL_5.jpg 1000w, https:\/\/mel.cat\/wp-content\/uploads\/2021\/01\/MEL_5-300x169.jpg 300w, https:\/\/mel.cat\/wp-content\/uploads\/2021\/01\/MEL_5-768x432.jpg 768w, https:\/\/mel.cat\/wp-content\/uploads\/2021\/01\/MEL_5-600x338.jpg 600w\" sizes=\"auto, (max-width: 1000px) 100vw, 1000px\" \/>\t\t\t\t\t\t\t\t\t<\/div>\n\t\t\t<\/div>\n\t\t\t<\/div>\n<\/div><\/div><\/div><\/div><\/div><div class=\"vc_row-full-width vc_clearfix\"><\/div><div class=\"vc_row wpb_row vc_row-fluid\" ><div class=\"wpb_column vc_column_container vc_col-sm-12\"><div class=\"vc_column-inner\"><div class=\"wpb_wrapper\"><audio id=\"mel_page_audio\"  autoplay>\n  <source src=\"https:\/\/mel.cat\/wp-content\/uploads\/2021\/03\/audio_home.mp3\" type=\"audio\/mpeg\" \/>\n<\/audio><\/div><\/div><\/div><\/div>","protected":false},"excerpt":{"rendered":"M\u00e9s Enll\u00e0 dels L\u00edmits Una proposta d\u2019acompanyament a persones i organitzacions en els seus processos d\u2019evoluci\u00f3 i de transformaci\u00f3. Un cam\u00ed de salut i de reconeixement, d\u2019acceptaci\u00f3 i manifestaci\u00f3 de l\u2019ess\u00e8ncia del SER. Una mirada cap endins, per despertar, recuperar i viure la nostra aut\u00e8ntica [...]","protected":false},"author":1,"featured_media":0,"parent":0,"menu_order":0,"comment_status":"closed","ping_status":"closed","template":"","meta":{"footnotes":""},"class_list":["post-4778","page","type-page","status-publish","hentry"],"_links":{"self":[{"href":"https:\/\/mel.cat\/cast\/wp-json\/wp\/v2\/pages\/4778","targetHints":{"allow":["GET"]}}],"collection":[{"href":"https:\/\/mel.cat\/cast\/wp-json\/wp\/v2\/pages"}],"about":[{"href":"https:\/\/mel.cat\/cast\/wp-json\/wp\/v2\/types\/page"}],"author":[{"embeddable":true,"href":"https:\/\/mel.cat\/cast\/wp-json\/wp\/v2\/users\/1"}],"replies":[{"embeddable":true,"href":"https:\/\/mel.cat\/cast\/wp-json\/wp\/v2\/comments?post=4778"}],"version-history":[{"count":14,"href":"https:\/\/mel.cat\/cast\/wp-json\/wp\/v2\/pages\/4778\/revisions"}],"predecessor-version":[{"id":5242,"href":"https:\/\/mel.cat\/cast\/wp-json\/wp\/v2\/pages\/4778\/revisions\/5242"}],"wp:attachment":[{"href":"https:\/\/mel.cat\/cast\/wp-json\/wp\/v2\/media?parent=4778"}],"curies":[{"name":"wp","href":"https:\/\/api.w.org\/{rel}","templated":true}]}}