{"id":4727,"date":"2020-11-23T18:34:27","date_gmt":"2020-11-23T16:34:27","guid":{"rendered":"http:\/\/mel.cat\/?page_id=4727"},"modified":"2021-01-18T19:40:04","modified_gmt":"2021-01-18T17:40:04","slug":"informacion-legal","status":"publish","type":"page","link":"https:\/\/mel.cat\/cast\/informacion-legal\/","title":{"rendered":"Informaci\u00f3n legal"},"content":{"rendered":"<div class=\"vc_row wpb_row vc_row-fluid vc_custom_1606149088852\" ><div class=\"wpb_column vc_column_container vc_col-sm-12\"><div class=\"vc_column-inner\"><div class=\"wpb_wrapper\">\n\t<div class=\"wpb_text_column wpb_content_element\" >\n\t\t<div class=\"wpb_wrapper\">\n\t\t\t<h2><span style=\"font-weight: 400;\">Pol\u00edtica de privacidad<\/span><\/h2>\n<p>&nbsp;<\/p>\n<p><span style=\"font-weight: 400;\">A continuaci\u00f3n puedes consultar nuestra Pol\u00edtica de Privacidad en cumplimiento del Reglamento General de Protecci\u00f3n de Datos (en adelante, RGPD).<\/span><\/p>\n<h4><span style=\"font-weight: 400;\">Informaci\u00f3n de contacto<\/span><\/h4>\n<p><span style=\"font-weight: 400;\">El responsable del tratamiento de los datos de \u00edndole personal conforme al RGPD es:<\/span><\/p>\n<p>&nbsp;<\/p>\n<p>Judit Commeleran Moure<\/p>\n<p>Ctra, Tur\u00f3 de l\u2019Home, 4<\/p>\n<p>08479 &#8211; La Costa del Montseny, Fogars de Montcl\u00fas &#8211; Barcelona<\/p>\n<p>Espanya<\/p>\n<p><a href=\"mailto:mel@mel.cat\" target=\"_blank\" rel=\"noopener noreferrer\">mel@mel.cat<\/a><\/p>\n<p>&nbsp;<\/p>\n<h4><span style=\"font-weight: 400;\">Licitud del tratamiento de los datos<\/span><\/h4>\n<p><span style=\"font-weight: 400;\">El responsable del tratamiento de los datos personales del interesado te informa de que estos datos ser\u00e1n tratados de conformidad con lo dispuesto en las normativas vigentes en protecci\u00f3n de datos personales, el Reglamento (UE) 2016\/679 de 27 de abril de 2016 (RGPD) y la Ley Org\u00e1nica 3\/2018, de 5 de diciembre, de Protecci\u00f3n de Datos Personales y garant\u00eda de los derechos digitales, por lo que se le facilita la siguiente informaci\u00f3n del tratamiento:<\/span><\/p>\n<p><span style=\"font-weight: 400;\">En tanto en cuanto contamos con el consentimiento del interesado para el tratamiento de los datos personales, rige el apartado a) del punto 1) del art\u00edculo 6 del RGPD como base jur\u00eddica.<\/span><\/p>\n<p><span style=\"font-weight: 400;\">Si el tratamiento de los datos personales es necesario para la ejecuci\u00f3n de un contrato con el interesado o de medidas precontractuales rige el apartado b) del punto 1) del art\u00edculo 6 del RGPD.<\/span><\/p>\n<p><span style=\"font-weight: 400;\">Si el tratamiento de los datos personales es consecuencia de una obligaci\u00f3n legal por nuestra parte, nos remitimos al apartado c) del punto 1) del art\u00edculo 6 del RGPD.<\/span><\/p>\n<p><span style=\"font-weight: 400;\">Si el tratamiento de los datos personales tiene como objeto proteger los intereses vitales del interesado o de otra persona natural, nos basamos en el apartado d) del punto 1) del art\u00edculo 6 del RGPD.<\/span><\/p>\n<p><span style=\"font-weight: 400;\">Si el tratamiento de los datos personales es necesario para cumplir una tarea de inter\u00e9s p\u00fablico o en el ejercicio de una obligaci\u00f3n p\u00fablica nos remitimos al apartado e) del punto 1) del art\u00edculo 6 del RGPD.<\/span><\/p>\n<p><span style=\"font-weight: 400;\">Mientras que el tratamiento de los datos sea necesario para satisfacer los intereses leg\u00edtimos del responsable o de un tercero sin poner en riesgo los intereses, los derechos o las libertades fundamentales del interesado, la base legal est\u00e1 establecida por el apartado f) del punto 1) del art\u00edculo 6 del RGPD.<\/span><\/p>\n<p>&nbsp;<\/p>\n<h4><span style=\"font-weight: 400;\">Prop\u00f3sitos del tratamiento de los datos<\/span><\/h4>\n<ul>\n<li><span style=\"font-weight: 400;\">Formularios de contacto<\/span><\/li>\n<\/ul>\n<h4><span style=\"font-weight: 400;\">Por qu\u00e9 se tratan los datos personales<\/span><\/h4>\n<p><span style=\"font-weight: 400;\">Para hacer que tu visita sea lo m\u00e1s agradable posible y poder ofrecerte todas las funciones disponibles, recopilamos una serie de datos sobre el dispositivo que est\u00e1s utilizando en el momento de visitarnos. Se trata de:<\/span><\/p>\n<p><span style=\"font-weight: 400;\">direcci\u00f3n IP,<\/span><\/p>\n<p><span style=\"font-weight: 400;\">sistema operativo,<\/span><\/p>\n<p><span style=\"font-weight: 400;\">tipo y versi\u00f3n del navegador,<\/span><\/p>\n<p><span style=\"font-weight: 400;\">fecha y hora de la visita,<\/span><\/p>\n<p><span style=\"font-weight: 400;\">etc.<\/span><\/p>\n<p><span style=\"font-weight: 400;\">Estos datos no se procesan con prop\u00f3sitos de marketing.<\/span><\/p>\n<p>&nbsp;<\/p>\n<h4><span style=\"font-weight: 400;\">Plazo de conservaci\u00f3n de los datos<\/span><\/h4>\n<p><span style=\"font-weight: 400;\">Todos los datos personales que recopilamos mediante cookies de sesi\u00f3n durante tu visita se borran autom\u00e1ticamente tan pronto como el motivo de tal recolecci\u00f3n se ha cumplido. De este modo, los datos de la sesi\u00f3n se guardar\u00e1n hasta que pongas fin a tu sesi\u00f3n abandonando o cerrando la p\u00e1gina.<\/span><\/p>\n<p>&nbsp;<\/p>\n<h4><span style=\"font-weight: 400;\">Los derechos de los interesados<\/span><\/h4>\n<p><span style=\"font-weight: 400;\">De acuerdo con el RGPD se considera interesado a la persona cuyos datos personales se procesan, motivo por el cual puede beneficiarse de los derechos reconocidos por esta directiva fundamental sobre protecci\u00f3n de datos, que son: el derecho a la informaci\u00f3n (art. 15), de rectificaci\u00f3n (art. 16), de supresi\u00f3n (art. 17), a la limitaci\u00f3n del tratamiento (art. 18), de oposici\u00f3n (art. 21), a presentar una reclamaci\u00f3n ante una autoridad de control (art. 77) y a la portabilidad (art. 20).<\/span><\/p>\n\n\t\t<\/div>\n\t<\/div>\n<\/div><\/div><\/div><\/div><div class=\"vc_row wpb_row vc_row-fluid\" ><div class=\"wpb_column vc_column_container vc_col-sm-12\"><div class=\"vc_column-inner\"><div class=\"wpb_wrapper\">\n\t<div class=\"wpb_text_column wpb_content_element\" >\n\t\t<div class=\"wpb_wrapper\">\n\t\t\t<h2><span style=\"font-weight: 400;\">Pol\u00edtica de cookies<\/span><\/h2>\n<p>&nbsp;<\/p>\n<p><span style=\"font-weight: 400;\">Las cookies son esenciales para el funcionamiento de internet, aportando innumerables ventajas en la prestaci\u00f3n de servicios interactivos, facilit\u00e1ndole la navegaci\u00f3n y usabilidad de nuestra web.<\/span><\/p>\n<p>&nbsp;<\/p>\n<p><span style=\"font-weight: 400;\">Seg\u00fan lo dispuesto en el art\u00edculo 22.2 de la Ley 34\/2002, de 11 de julio, de Servicios de la Sociedad de la Informaci\u00f3n y de Comercio Electr\u00f3nico (LSSI-CE), Judit Commeleran Moure\u00a0informa de las cookies utilizadas en nuestra website:<\/span><\/p>\n<p>&nbsp;<\/p>\n<h4><span style=\"font-weight: 400;\">Tipos de cookies<\/span><\/h4>\n<p>&nbsp;<\/p>\n<p><span style=\"font-weight: 400;\">SEG\u00daN LA ENTIDAD QUE LAS GESTIONE<\/span><\/p>\n<p><span style=\"font-weight: 400;\">Cookies propias: Son aquellas que se recaban por el propio editor para prestar el servicio solicitado por el usuario.<\/span><\/p>\n<p><span style=\"font-weight: 400;\">Cookies de tercero: Son aquellas que son recabadas y gestionadas por un tercero, estas no se pueden considerar propias.<\/span><\/p>\n<p>&nbsp;<\/p>\n<p><span style=\"font-weight: 400;\">SEG\u00daN EL PLAZO DE TIEMPO QUE PERMANEZCAN ACTIVADAS<\/span><\/p>\n<p><span style=\"font-weight: 400;\">Cookies de sesi\u00f3n: Recaban datos mientras el usuario navega por la red con la finalidad de prestar el servicio solicitado.<\/span><\/p>\n<p><span style=\"font-weight: 400;\">Cookies persistentes: Se almacenan en el terminal y la informaci\u00f3n obtenida, ser\u00e1 utilizada por el responsable de la cookie con la finalidad de prestar el servicio solicitado.<\/span><\/p>\n<p>&nbsp;<\/p>\n<p><span style=\"font-weight: 400;\">SEG\u00daN SU FINALIDAD<\/span><\/p>\n<p><span style=\"font-weight: 400;\">Cookies t\u00e9cnicas: Son las necesarias para la correcta navegaci\u00f3n por la web.<\/span><\/p>\n<p><span style=\"font-weight: 400;\">Cookies de personalizaci\u00f3n: Permiten al usuario las caracter\u00edsticas (idioma) para la navegaci\u00f3n por la website<\/span><\/p>\n<p><span style=\"font-weight: 400;\">Cookies de an\u00e1lisis: Permiten al prestador el an\u00e1lisis vinculado a la navegaci\u00f3n realizada por el usuario, con la finalidad de llevar un seguimiento de uso de la p\u00e1gina web, as\u00ed como realizar estad\u00edsticas de los contenidos m\u00e1s visitados, n\u00famero de visitantes, etc.<\/span><\/p>\n<p><span style=\"font-weight: 400;\">Cookies publicitarias: Permiten al editor incluir en la web, espacios publicitarios, seg\u00fan el contenido de la propia web.<\/span><\/p>\n<p><span style=\"font-weight: 400;\">Cookies de publicidad comportamental: Permiten al editor incluir en la p\u00e1gina web espacios publicitarios seg\u00fan la informaci\u00f3n obtenida a trav\u00e9s de los h\u00e1bitos de navegaci\u00f3n del usuario.<\/span><\/p>\n<p>&nbsp;<\/p>\n<p><span style=\"font-weight: 400;\">Asimismo, Judit Commeleran Moure\u00a0informa al usuario de que tiene la posibilidad de configurar su navegador de modo que se le informe de la recepci\u00f3n de cookies, pudiendo, si as\u00ed lo desea, impedir que sean instaladas en su disco duro.<\/span><\/p>\n<p><span style=\"font-weight: 400;\">A continuaci\u00f3n le proporcionamos los enlaces de diversos navegadores, a trav\u00e9s de los cuales podr\u00e1 realizar dicha configuraci\u00f3n:<\/span><\/p>\n<p><span style=\"font-weight: 400;\">Firefox desde aqu\u00ed: http:\/\/support.mozilla.org\/es\/kb\/habilitar-y-deshabilitar-cookies-que-los-sitios-we<\/span><\/p>\n<p><span style=\"font-weight: 400;\">Chrome desde aqu\u00ed: http:\/\/support.google.com\/chrome\/bin\/answer.py?hl=es&amp;answer=95647<\/span><\/p>\n<p><span style=\"font-weight: 400;\">Explorer desde aqu\u00ed: http:\/\/windows.microsoft.com\/es-es\/internet-explorer\/delete-manage-cookies#ie=ie-10<\/span><\/p>\n<p><span style=\"font-weight: 400;\">Safari desde aqu\u00ed: https:\/\/support.apple.com\/kb\/ph17191?locale=es_ES<\/span><\/p>\n<p><span style=\"font-weight: 400;\">Opera desde aqu\u00ed: http:\/\/help.opera.com\/Windows\/11.50\/es-ES\/cookies.html<\/span><\/p>\n\n\t\t<\/div>\n\t<\/div>\n<\/div><\/div><\/div><\/div>","protected":false},"excerpt":{"rendered":"Pol\u00edtica de privacidad &nbsp; A continuaci\u00f3n puedes consultar nuestra Pol\u00edtica de Privacidad en cumplimiento del Reglamento General de Protecci\u00f3n de Datos (en adelante, RGPD). Informaci\u00f3n de contacto El responsable del tratamiento de los datos de \u00edndole personal conforme al RGPD es: &nbsp; Judit Commeleran Moure [...]","protected":false},"author":1,"featured_media":0,"parent":0,"menu_order":0,"comment_status":"closed","ping_status":"closed","template":"","meta":{"footnotes":""},"class_list":["post-4727","page","type-page","status-publish","hentry"],"_links":{"self":[{"href":"https:\/\/mel.cat\/cast\/wp-json\/wp\/v2\/pages\/4727","targetHints":{"allow":["GET"]}}],"collection":[{"href":"https:\/\/mel.cat\/cast\/wp-json\/wp\/v2\/pages"}],"about":[{"href":"https:\/\/mel.cat\/cast\/wp-json\/wp\/v2\/types\/page"}],"author":[{"embeddable":true,"href":"https:\/\/mel.cat\/cast\/wp-json\/wp\/v2\/users\/1"}],"replies":[{"embeddable":true,"href":"https:\/\/mel.cat\/cast\/wp-json\/wp\/v2\/comments?post=4727"}],"version-history":[{"count":9,"href":"https:\/\/mel.cat\/cast\/wp-json\/wp\/v2\/pages\/4727\/revisions"}],"predecessor-version":[{"id":5124,"href":"https:\/\/mel.cat\/cast\/wp-json\/wp\/v2\/pages\/4727\/revisions\/5124"}],"wp:attachment":[{"href":"https:\/\/mel.cat\/cast\/wp-json\/wp\/v2\/media?parent=4727"}],"curies":[{"name":"wp","href":"https:\/\/api.w.org\/{rel}","templated":true}]}}